{"id":904,"date":"2025-07-18T17:01:19","date_gmt":"2025-07-18T15:01:19","guid":{"rendered":"https:\/\/arsmagna.org\/blackmirror\/?page_id=904"},"modified":"2025-07-18T17:01:20","modified_gmt":"2025-07-18T15:01:20","slug":"la-porta-sui-mondi","status":"publish","type":"page","link":"https:\/\/arsmagna.org\/blackmirror\/la-porta-sui-mondi\/","title":{"rendered":"La Porta sui Mondi"},"content":{"rendered":"\n<h1 class=\"wp-block-heading\">La Porta sui Mondi<\/h1>\n\n\n\n<h2 class=\"wp-block-heading\" style=\"font-size:clamp(1.743rem, 1.743rem + ((1vw - 0.2rem) * 0.898), 3rem);\">Tecniche di proiezione mentale e costruzione dello Spazio Sacro Interiore &#8211; <a href=\"https:\/\/arsmagna.org\/blackmirror\/seminari\/\">Specchio Magico III<\/a><\/h2>\n\n\n\n<div class=\"wp-block-cover wp-duotone-unset-1\" style=\"border-radius:15px;min-height:550px;aspect-ratio:unset;\"><img decoding=\"async\" width=\"2000\" height=\"600\" class=\"wp-block-cover__image-background wp-image-905 size-full\" alt=\"\" src=\"https:\/\/arsmagna.org\/blackmirror\/wp-content\/uploads\/sites\/2\/2025\/07\/citta-ideale-2000.webp\" style=\"object-position:50% 50%\" data-object-fit=\"cover\" data-object-position=\"50% 50%\" srcset=\"https:\/\/arsmagna.org\/blackmirror\/wp-content\/uploads\/sites\/2\/2025\/07\/citta-ideale-2000.webp 2000w, https:\/\/arsmagna.org\/blackmirror\/wp-content\/uploads\/sites\/2\/2025\/07\/citta-ideale-2000-300x90.webp 300w, https:\/\/arsmagna.org\/blackmirror\/wp-content\/uploads\/sites\/2\/2025\/07\/citta-ideale-2000-1024x307.webp 1024w, https:\/\/arsmagna.org\/blackmirror\/wp-content\/uploads\/sites\/2\/2025\/07\/citta-ideale-2000-768x230.webp 768w, https:\/\/arsmagna.org\/blackmirror\/wp-content\/uploads\/sites\/2\/2025\/07\/citta-ideale-2000-1536x461.webp 1536w\" sizes=\"(max-width: 2000px) 100vw, 2000px\" \/><span aria-hidden=\"true\" class=\"wp-block-cover__background has-background-dim-20 has-background-dim\" style=\"background-color:#080808\"><\/span><div class=\"wp-block-cover__inner-container has-global-padding is-layout-constrained wp-block-cover-is-layout-constrained\">\n<p class=\"has-text-align-center has-large-font-size\"><\/p>\n<\/div><\/div>\n\n\n\n<p>Lo Spazio Sacro Interiore \u00e8 una costruzione astrale che serve per coltivare gli stati meditativi pi\u00f9 profondi, e pu\u00f2 essere personale o condivisa da un gruppo di praticanti.<\/p>\n\n\n\n<p>A livello profano, la tecnica viene insegnata ai militari dei corpi speciali come risorsa per la sopravvivenza psicologica, \u00e8 sfruttata come tecnica avanzata per il team building aziendale, \u00e8 preziosa come sostegno in tutte le situazioni che vedono minata l&#8217;integrit\u00e0 della personalit\u00e0 e della memoria.<\/p>\n\n\n\n<p>Come pratica spirituale, \u00e8 la base fondamentale per la comunicazione con gli stati profondi dell&#8217;Essere ed i Mondi Sottili.<\/p>\n\n\n<figure class=\"wp-block-post-featured-image\"><img decoding=\"async\" width=\"2000\" height=\"600\" src=\"https:\/\/arsmagna.org\/blackmirror\/wp-content\/uploads\/sites\/2\/2025\/07\/citta-ideale-2000.webp\" class=\"attachment-post-thumbnail size-post-thumbnail wp-post-image\" alt=\"\" style=\"object-fit:cover;\" srcset=\"https:\/\/arsmagna.org\/blackmirror\/wp-content\/uploads\/sites\/2\/2025\/07\/citta-ideale-2000.webp 2000w, https:\/\/arsmagna.org\/blackmirror\/wp-content\/uploads\/sites\/2\/2025\/07\/citta-ideale-2000-300x90.webp 300w, https:\/\/arsmagna.org\/blackmirror\/wp-content\/uploads\/sites\/2\/2025\/07\/citta-ideale-2000-1024x307.webp 1024w, https:\/\/arsmagna.org\/blackmirror\/wp-content\/uploads\/sites\/2\/2025\/07\/citta-ideale-2000-768x230.webp 768w, https:\/\/arsmagna.org\/blackmirror\/wp-content\/uploads\/sites\/2\/2025\/07\/citta-ideale-2000-1536x461.webp 1536w\" sizes=\"(max-width: 2000px) 100vw, 2000px\" \/><\/figure>\n\n\n<p style=\"font-size:clamp(0.875rem, 0.875rem + ((1vw - 0.2rem) * 0.089), 1rem);\"><a href=\"https:\/\/it.wikipedia.org\/wiki\/Citt%C3%A0_ideale_(dipinto)\">La Citt\u00e0 Ideale<\/a>, tavola gi\u00e0 attribuita a Piero della Francesca, 1480-90, Galleria Nazionale delle Marche, Urbino<\/p>\n\n\n\n<p>I temi di questa terza fase:<\/p>\n\n\n\n<ul class=\"wp-block-list\">\n<li>riepilogo dei\u00a0principi fondamentali alla base delle tecniche dello <a href=\"https:\/\/arsmagna.org\/blackmirror\/lillusione-della-luna-sullacqua\/\">Specchio Magico<\/a>\u00a0e delle tecniche di\u00a0<a href=\"https:\/\/arsmagna.org\/blackmirror\/le-radici-del-futuro\/\">Chiaroveggenza del S\u00e9<\/a><\/li>\n\n\n\n<li>visione, immaginazione, visualizzazione, proiezione: differenze e utilizzi<\/li>\n\n\n\n<li>lo Spazio Sacro Interiore: cos&#8217;\u00e8, come si crea, come si pu\u00f2 utilizzare.<\/li>\n\n\n\n<li>tecniche di proiezione mentale per il contatto con i mondi sottili attraverso lo Specchio Magico<\/li>\n\n\n\n<li>la costruzione dello Spazio Sacro Interiore, personale e condiviso.<\/li>\n<\/ul>\n\n\n\n<div class=\"wp-block-buttons is-layout-flex wp-block-buttons-is-layout-flex\">\n<div class=\"wp-block-button\"><a class=\"wp-block-button__link wp-element-button\" href=\"https:\/\/arsmagna.org\/blackmirror\/come-usiamo-lo-specchio-nero\/\">SPECCHIO MAGICO<\/a><\/div>\n\n\n\n<div class=\"wp-block-button\"><a class=\"wp-block-button__link wp-element-button\" href=\"https:\/\/arsmagna.org\/blackmirror\/seminari\/\">PROGRAMMA<\/a><\/div>\n\n\n\n<div class=\"wp-block-button\"><a class=\"wp-block-button__link wp-element-button\" href=\"https:\/\/arsmagna.org\/blackmirror\/lillusione-della-luna-sullacqua\/\">PARTE I<\/a><\/div>\n\n\n\n<div class=\"wp-block-button\"><a class=\"wp-block-button__link wp-element-button\" href=\"https:\/\/arsmagna.org\/blackmirror\/le-radici-del-futuro\/\">PARTE II<\/a><\/div>\n<\/div>\n\n\n\n<div style=\"height:2rem\" aria-hidden=\"true\" class=\"wp-block-spacer\"><\/div>\n","protected":false},"excerpt":{"rendered":"<p>La Porta sui Mondi Tecniche di proiezione mentale e costruzione dello Spazio Sacro Interiore &#8211; Specchio Magico III Lo Spazio Sacro Interiore \u00e8 una costruzione astrale che serve per coltivare gli stati meditativi pi\u00f9 profondi, e pu\u00f2 essere personale o condivisa da un gruppo di praticanti. A livello profano, la tecnica viene insegnata ai militari [&hellip;]<\/p>\n","protected":false},"author":1,"featured_media":905,"parent":0,"menu_order":0,"comment_status":"closed","ping_status":"closed","template":"","meta":{"footnotes":""},"class_list":["post-904","page","type-page","status-publish","has-post-thumbnail","hentry"],"yoast_head":"<!-- This site is optimized with the Yoast SEO plugin v27.3 - https:\/\/yoast.com\/product\/yoast-seo-wordpress\/ -->\n<title>La Porta sui Mondi - Black Mirror Academy<\/title>\n<meta name=\"description\" content=\"Terza fase dello Specchio Magico: tecniche di proiezione mentale e costruzione dello Spazio Sacro Interiore come porta ai mondi sottili\" \/>\n<meta name=\"robots\" content=\"index, follow, max-snippet:-1, max-image-preview:large, max-video-preview:-1\" \/>\n<link rel=\"canonical\" href=\"https:\/\/arsmagna.org\/blackmirror\/la-porta-sui-mondi\/\" \/>\n<meta property=\"og:locale\" content=\"it_IT\" \/>\n<meta property=\"og:type\" content=\"article\" \/>\n<meta property=\"og:title\" content=\"La Porta sui Mondi - Black Mirror Academy\" \/>\n<meta property=\"og:description\" content=\"Terza fase dello Specchio Magico: tecniche di proiezione mentale e costruzione dello Spazio Sacro Interiore come porta ai mondi sottili\" \/>\n<meta property=\"og:url\" content=\"https:\/\/arsmagna.org\/blackmirror\/la-porta-sui-mondi\/\" \/>\n<meta property=\"og:site_name\" content=\"Black Mirror Academy\" \/>\n<meta property=\"article:modified_time\" content=\"2025-07-18T15:01:20+00:00\" \/>\n<meta property=\"og:image\" content=\"https:\/\/arsmagna.org\/blackmirror\/wp-content\/uploads\/sites\/2\/2025\/07\/citta-ideale-2000.webp\" \/>\n\t<meta property=\"og:image:width\" content=\"2000\" \/>\n\t<meta property=\"og:image:height\" content=\"600\" \/>\n\t<meta property=\"og:image:type\" content=\"image\/webp\" \/>\n<meta name=\"twitter:card\" content=\"summary_large_image\" \/>\n<meta name=\"twitter:label1\" content=\"Tempo di lettura stimato\" \/>\n\t<meta name=\"twitter:data1\" content=\"2 minuti\" \/>\n<script type=\"application\/ld+json\" class=\"yoast-schema-graph\">{\"@context\":\"https:\\\/\\\/schema.org\",\"@graph\":[{\"@type\":\"WebPage\",\"@id\":\"https:\\\/\\\/arsmagna.org\\\/blackmirror\\\/la-porta-sui-mondi\\\/\",\"url\":\"https:\\\/\\\/arsmagna.org\\\/blackmirror\\\/la-porta-sui-mondi\\\/\",\"name\":\"La Porta sui Mondi - Black Mirror Academy\",\"isPartOf\":{\"@id\":\"https:\\\/\\\/arsmagna.org\\\/blackmirror\\\/#website\"},\"primaryImageOfPage\":{\"@id\":\"https:\\\/\\\/arsmagna.org\\\/blackmirror\\\/la-porta-sui-mondi\\\/#primaryimage\"},\"image\":{\"@id\":\"https:\\\/\\\/arsmagna.org\\\/blackmirror\\\/la-porta-sui-mondi\\\/#primaryimage\"},\"thumbnailUrl\":\"https:\\\/\\\/arsmagna.org\\\/blackmirror\\\/wp-content\\\/uploads\\\/sites\\\/2\\\/2025\\\/07\\\/citta-ideale-2000.webp\",\"datePublished\":\"2025-07-18T15:01:19+00:00\",\"dateModified\":\"2025-07-18T15:01:20+00:00\",\"description\":\"Terza fase dello Specchio Magico: tecniche di proiezione mentale e costruzione dello Spazio Sacro Interiore come porta ai mondi sottili\",\"breadcrumb\":{\"@id\":\"https:\\\/\\\/arsmagna.org\\\/blackmirror\\\/la-porta-sui-mondi\\\/#breadcrumb\"},\"inLanguage\":\"it-IT\",\"potentialAction\":[{\"@type\":\"ReadAction\",\"target\":[\"https:\\\/\\\/arsmagna.org\\\/blackmirror\\\/la-porta-sui-mondi\\\/\"]}]},{\"@type\":\"ImageObject\",\"inLanguage\":\"it-IT\",\"@id\":\"https:\\\/\\\/arsmagna.org\\\/blackmirror\\\/la-porta-sui-mondi\\\/#primaryimage\",\"url\":\"https:\\\/\\\/arsmagna.org\\\/blackmirror\\\/wp-content\\\/uploads\\\/sites\\\/2\\\/2025\\\/07\\\/citta-ideale-2000.webp\",\"contentUrl\":\"https:\\\/\\\/arsmagna.org\\\/blackmirror\\\/wp-content\\\/uploads\\\/sites\\\/2\\\/2025\\\/07\\\/citta-ideale-2000.webp\",\"width\":2000,\"height\":600},{\"@type\":\"BreadcrumbList\",\"@id\":\"https:\\\/\\\/arsmagna.org\\\/blackmirror\\\/la-porta-sui-mondi\\\/#breadcrumb\",\"itemListElement\":[{\"@type\":\"ListItem\",\"position\":1,\"name\":\"Home\",\"item\":\"https:\\\/\\\/arsmagna.org\\\/blackmirror\\\/\"},{\"@type\":\"ListItem\",\"position\":2,\"name\":\"La Porta sui Mondi\"}]},{\"@type\":\"WebSite\",\"@id\":\"https:\\\/\\\/arsmagna.org\\\/blackmirror\\\/#website\",\"url\":\"https:\\\/\\\/arsmagna.org\\\/blackmirror\\\/\",\"name\":\"Black Mirror Academy\",\"description\":\"\",\"potentialAction\":[{\"@type\":\"SearchAction\",\"target\":{\"@type\":\"EntryPoint\",\"urlTemplate\":\"https:\\\/\\\/arsmagna.org\\\/blackmirror\\\/?s={search_term_string}\"},\"query-input\":{\"@type\":\"PropertyValueSpecification\",\"valueRequired\":true,\"valueName\":\"search_term_string\"}}],\"inLanguage\":\"it-IT\"}]}<\/script>\n<!-- \/ Yoast SEO plugin. -->","yoast_head_json":{"title":"La Porta sui Mondi - Black Mirror Academy","description":"Terza fase dello Specchio Magico: tecniche di proiezione mentale e costruzione dello Spazio Sacro Interiore come porta ai mondi sottili","robots":{"index":"index","follow":"follow","max-snippet":"max-snippet:-1","max-image-preview":"max-image-preview:large","max-video-preview":"max-video-preview:-1"},"canonical":"https:\/\/arsmagna.org\/blackmirror\/la-porta-sui-mondi\/","og_locale":"it_IT","og_type":"article","og_title":"La Porta sui Mondi - Black Mirror Academy","og_description":"Terza fase dello Specchio Magico: tecniche di proiezione mentale e costruzione dello Spazio Sacro Interiore come porta ai mondi sottili","og_url":"https:\/\/arsmagna.org\/blackmirror\/la-porta-sui-mondi\/","og_site_name":"Black Mirror Academy","article_modified_time":"2025-07-18T15:01:20+00:00","og_image":[{"width":2000,"height":600,"url":"https:\/\/arsmagna.org\/blackmirror\/wp-content\/uploads\/sites\/2\/2025\/07\/citta-ideale-2000.webp","type":"image\/webp"}],"twitter_card":"summary_large_image","twitter_misc":{"Tempo di lettura stimato":"2 minuti"},"schema":{"@context":"https:\/\/schema.org","@graph":[{"@type":"WebPage","@id":"https:\/\/arsmagna.org\/blackmirror\/la-porta-sui-mondi\/","url":"https:\/\/arsmagna.org\/blackmirror\/la-porta-sui-mondi\/","name":"La Porta sui Mondi - Black Mirror Academy","isPartOf":{"@id":"https:\/\/arsmagna.org\/blackmirror\/#website"},"primaryImageOfPage":{"@id":"https:\/\/arsmagna.org\/blackmirror\/la-porta-sui-mondi\/#primaryimage"},"image":{"@id":"https:\/\/arsmagna.org\/blackmirror\/la-porta-sui-mondi\/#primaryimage"},"thumbnailUrl":"https:\/\/arsmagna.org\/blackmirror\/wp-content\/uploads\/sites\/2\/2025\/07\/citta-ideale-2000.webp","datePublished":"2025-07-18T15:01:19+00:00","dateModified":"2025-07-18T15:01:20+00:00","description":"Terza fase dello Specchio Magico: tecniche di proiezione mentale e costruzione dello Spazio Sacro Interiore come porta ai mondi sottili","breadcrumb":{"@id":"https:\/\/arsmagna.org\/blackmirror\/la-porta-sui-mondi\/#breadcrumb"},"inLanguage":"it-IT","potentialAction":[{"@type":"ReadAction","target":["https:\/\/arsmagna.org\/blackmirror\/la-porta-sui-mondi\/"]}]},{"@type":"ImageObject","inLanguage":"it-IT","@id":"https:\/\/arsmagna.org\/blackmirror\/la-porta-sui-mondi\/#primaryimage","url":"https:\/\/arsmagna.org\/blackmirror\/wp-content\/uploads\/sites\/2\/2025\/07\/citta-ideale-2000.webp","contentUrl":"https:\/\/arsmagna.org\/blackmirror\/wp-content\/uploads\/sites\/2\/2025\/07\/citta-ideale-2000.webp","width":2000,"height":600},{"@type":"BreadcrumbList","@id":"https:\/\/arsmagna.org\/blackmirror\/la-porta-sui-mondi\/#breadcrumb","itemListElement":[{"@type":"ListItem","position":1,"name":"Home","item":"https:\/\/arsmagna.org\/blackmirror\/"},{"@type":"ListItem","position":2,"name":"La Porta sui Mondi"}]},{"@type":"WebSite","@id":"https:\/\/arsmagna.org\/blackmirror\/#website","url":"https:\/\/arsmagna.org\/blackmirror\/","name":"Black Mirror Academy","description":"","potentialAction":[{"@type":"SearchAction","target":{"@type":"EntryPoint","urlTemplate":"https:\/\/arsmagna.org\/blackmirror\/?s={search_term_string}"},"query-input":{"@type":"PropertyValueSpecification","valueRequired":true,"valueName":"search_term_string"}}],"inLanguage":"it-IT"}]}},"_links":{"self":[{"href":"https:\/\/arsmagna.org\/blackmirror\/wp-json\/wp\/v2\/pages\/904","targetHints":{"allow":["GET"]}}],"collection":[{"href":"https:\/\/arsmagna.org\/blackmirror\/wp-json\/wp\/v2\/pages"}],"about":[{"href":"https:\/\/arsmagna.org\/blackmirror\/wp-json\/wp\/v2\/types\/page"}],"author":[{"embeddable":true,"href":"https:\/\/arsmagna.org\/blackmirror\/wp-json\/wp\/v2\/users\/1"}],"replies":[{"embeddable":true,"href":"https:\/\/arsmagna.org\/blackmirror\/wp-json\/wp\/v2\/comments?post=904"}],"version-history":[{"count":3,"href":"https:\/\/arsmagna.org\/blackmirror\/wp-json\/wp\/v2\/pages\/904\/revisions"}],"predecessor-version":[{"id":909,"href":"https:\/\/arsmagna.org\/blackmirror\/wp-json\/wp\/v2\/pages\/904\/revisions\/909"}],"wp:featuredmedia":[{"embeddable":true,"href":"https:\/\/arsmagna.org\/blackmirror\/wp-json\/wp\/v2\/media\/905"}],"wp:attachment":[{"href":"https:\/\/arsmagna.org\/blackmirror\/wp-json\/wp\/v2\/media?parent=904"}],"curies":[{"name":"wp","href":"https:\/\/api.w.org\/{rel}","templated":true}]}}