{"id":854,"date":"2025-07-18T13:08:57","date_gmt":"2025-07-18T11:08:57","guid":{"rendered":"https:\/\/arsmagna.org\/blackmirror\/?page_id=854"},"modified":"2025-07-18T17:08:23","modified_gmt":"2025-07-18T15:08:23","slug":"le-radici-del-futuro","status":"publish","type":"page","link":"https:\/\/arsmagna.org\/blackmirror\/le-radici-del-futuro\/","title":{"rendered":"Le radici del futuro"},"content":{"rendered":"\n<h1 class=\"wp-block-heading\">Le radici del futuro<\/h1>\n\n\n\n<h2 class=\"wp-block-heading\" style=\"font-size:clamp(1.743rem, 1.743rem + ((1vw - 0.2rem) * 0.898), 3rem);\">Tecniche di Chiaroveggenza del S\u00e9 per la regressione e la proiezione &#8211; <a href=\"https:\/\/arsmagna.org\/blackmirror\/come-usiamo-lo-specchio-nero\/\">Specchio Magico II<\/a><\/h2>\n\n\n<figure class=\"is-style-desaturated wp-block-post-featured-image\"><img decoding=\"async\" width=\"600\" height=\"269\" src=\"https:\/\/arsmagna.org\/blackmirror\/wp-content\/uploads\/sites\/2\/2025\/07\/past-etc-6001.jpg\" class=\"attachment-post-thumbnail size-post-thumbnail wp-post-image\" alt=\"\" style=\"object-fit:cover;\" srcset=\"https:\/\/arsmagna.org\/blackmirror\/wp-content\/uploads\/sites\/2\/2025\/07\/past-etc-6001.jpg 600w, https:\/\/arsmagna.org\/blackmirror\/wp-content\/uploads\/sites\/2\/2025\/07\/past-etc-6001-300x135.jpg 300w\" sizes=\"(max-width: 600px) 100vw, 600px\" \/><\/figure>\n\n\n<h3 class=\"wp-block-heading\" style=\"font-size:clamp(1.743rem, 1.743rem + ((1vw - 0.2rem) * 0.898), 3rem);\">Il futuro \u00e8 gi\u00e0 scritto? Dipende da quanto ne comprendiamo le radici.<\/h3>\n\n\n\n<p>Le radici del nostro futuro affondano non solo nella storia di questa nostra vita, ma anche ed ancor pi\u00f9 profondamente nella nostra stessa struttura psicofisica, energetica, biologica.<\/p>\n\n\n\n<p>Se possiamo individuare la strada che ci ha portato fin qui, possiamo anche scegliere la nostra prossima meta. E raggiungerla.<\/p>\n\n\n\n<div style=\"height:2rem\" aria-hidden=\"true\" class=\"wp-block-spacer\"><\/div>\n\n\n\n<h2 class=\"wp-block-heading\" style=\"font-size:clamp(2.629rem, 2.629rem + ((1vw - 0.2rem) * 1.694), 5rem);\">Ri-conoscere se stessi<\/h2>\n\n\n\n<p>Per&nbsp;<em>Chiaroveggenza del S\u00e8<\/em>&nbsp;intendiamo quell\u2019insieme di esercizi di visione nello&nbsp;Specchio Magico&nbsp;volti a rivelare i meccanismi di proiezione dell\u2019inconscio che plasmano la nostra percezione del mondo e di noi stessi.&nbsp;<\/p>\n\n\n\n<p>La pratica meditativa ci consente di iniziare a riconoscere noi stessi in quello che crediamo di vedere oggettivamente, e di indagare le motivazioni profonde della nostra interpretazione della realt\u00e0: possiamo cos\u00ec iniziare a&nbsp;discriminare fra proiezioni e percezioni.<\/p>\n\n\n\n<figure class=\"wp-block-embed is-type-video is-provider-youtube wp-block-embed-youtube wp-embed-aspect-4-3 wp-has-aspect-ratio\"><div class=\"wp-block-embed__wrapper\">\n<iframe title=\"Citizen Kane   Hall of Mirrors\" width=\"500\" height=\"375\" src=\"https:\/\/www.youtube.com\/embed\/4iQSr-aDuow?feature=oembed\" frameborder=\"0\" allow=\"accelerometer; autoplay; clipboard-write; encrypted-media; gyroscope; picture-in-picture; web-share\" referrerpolicy=\"strict-origin-when-cross-origin\" allowfullscreen><\/iframe>\n<\/div><figcaption class=\"wp-element-caption\">Orson Welles nella sala degli specchi, <a href=\"https:\/\/it.wikipedia.org\/wiki\/Quarto_potere\">Quarto potere<\/a>, 1941<\/figcaption><\/figure>\n\n\n\n<h2 class=\"wp-block-heading\">Percepire l&#8217;energia vitale<\/h2>\n\n\n\n<p>Un passo ulteriore verso la conoscenza di s\u00e9 viene compiuto attraverso tecniche che coinvolgono la percezione del corpo eterico, quello costituito dall&#8217;energia vitale.<\/p>\n\n\n\n<p>L\u2019energia vitale, il Qi della <a href=\"https:\/\/arsmagna.org\/medicina-tradizionale-cinese\/\">Medicina Tradizionale Cinese<\/a>, \u00e8 specchio fedele dello stato psicofisico della persona, e costituisce il trait d\u2019union fra il corpo fisico e le strutture psichiche e spirituali.<\/p>\n\n\n\n<p>La percezione dell\u2019energia vitale unita agli esercizi di chiaroveggenza del s\u00e9 ci consente di riconoscere nel corpo eterico le forme corrispondenti agli stati psicofisici che lo hanno plasmato.<\/p>\n\n\n\n<div style=\"height:2rem\" aria-hidden=\"true\" class=\"wp-block-spacer\"><\/div>\n\n\n\n<div class=\"wp-block-columns alignwide are-vertically-aligned-center is-layout-flex wp-container-core-columns-is-layout-9c22b1e3 wp-block-columns-is-layout-flex\">\n<div class=\"wp-block-column is-vertically-aligned-center is-layout-flow wp-block-column-is-layout-flow\">\n<figure class=\"wp-block-image is-resized\"><img decoding=\"async\" src=\"http:\/\/38.media.tumblr.com\/654e54d1b54b2ced37d77ba7a1e846bb\/tumblr_n0zl7dyCUC1qdlh1io1_r1_250.gif\" alt=\"\" style=\"width:358px;height:auto\"\/><\/figure>\n<\/div>\n\n\n\n<div class=\"wp-block-column is-vertically-aligned-center is-layout-flow wp-block-column-is-layout-flow\">\n<h2 class=\"wp-block-heading\">Dissolvere l&#8217;illusione dell&#8217;Ego<\/h2>\n<\/div>\n<\/div>\n\n\n\n<p>Le esperienze che si generano con questa pratica ci fanno toccare con mano quanto in realt\u00e0 quello che chiamiamo Io sia un insieme fluido di componenti diversi ed in costante trasformazione, cos\u00ec come lo sono tutte le nostre percezioni, i ricordi, le speranze.<\/p>\n\n\n\n<p>Se affondiamo le radici nel passato e lo scopriamo plurale, possiamo liberarci dalla necessit\u00e0 di credere in un S\u00e8 univoco, e questo libera la nostra capacit\u00e0 di immaginare e costruire il futuro.<\/p>\n\n\n\n<div style=\"height:2rem\" aria-hidden=\"true\" class=\"wp-block-spacer\"><\/div>\n\n\n\n<h2 class=\"wp-block-heading\">Reincarnazione?<\/h2>\n\n\n\n<p>E l&#8217;unico modo di plasmare il futuro \u00e8 trasformare attivamente la nostra capacit\u00e0 di&nbsp;<em>percepire noi stessi al di fuori del tempo.<\/em><\/p>\n\n\n\n<p>Questa pratica pu\u00f2 rivelare emozioni represse, personalit\u00e0 nascoste e immagini molto vivide e complesse, ma il suo scopo finale non \u00e8 quello di dimostrare che si tratta di tracce di vite precedenti: in ogni caso tutto ci\u00f2 \u00e8 parte di noi adesso.<\/p>\n\n\n\n<p>Che questi stati psicofisici costituiscano momenti di questa esistenza o di altre non fa alcuna differenza: lo scopo della pratica \u00e8 di individuare i diversi stati\/strati dell&#8217;essere e di smontare la credenza nell&#8217;Ego.&nbsp;<\/p>\n\n\n\n<p>Non si tratta di credere o meno nella reincarnazione ma di fare esperienza diretta della&nbsp;<em>natura molteplice<\/em>&nbsp;di quello che tendiamo a cristallizzare in una singola identit\u00e0.<\/p>\n\n\n\n<figure class=\"wp-block-image size-full has-custom-border is-style-default\"><img decoding=\"async\" width=\"1350\" height=\"675\" src=\"https:\/\/arsmagna.org\/blackmirror\/wp-content\/uploads\/sites\/2\/2025\/07\/einstein_quote_illusion.webp\" alt=\"\" class=\"wp-image-863\" style=\"border-radius:15px\" srcset=\"https:\/\/arsmagna.org\/blackmirror\/wp-content\/uploads\/sites\/2\/2025\/07\/einstein_quote_illusion.webp 1350w, https:\/\/arsmagna.org\/blackmirror\/wp-content\/uploads\/sites\/2\/2025\/07\/einstein_quote_illusion-300x150.webp 300w, https:\/\/arsmagna.org\/blackmirror\/wp-content\/uploads\/sites\/2\/2025\/07\/einstein_quote_illusion-1024x512.webp 1024w, https:\/\/arsmagna.org\/blackmirror\/wp-content\/uploads\/sites\/2\/2025\/07\/einstein_quote_illusion-768x384.webp 768w\" sizes=\"(max-width: 1350px) 100vw, 1350px\" \/><\/figure>\n\n\n\n<h2 class=\"wp-block-heading\">Ri-creare s\u00e9 stessi<\/h2>\n\n\n\n<p>Il vero valore di questa pratica non sta nello sviluppo della capacit\u00e0 passiva di riconoscere gli strati gi\u00e0 presenti del nostro essere, ma nell&#8217;acquisizione di una tecnica di proiezione che ci consente di&nbsp;<em>plasmare gli strati futuri<\/em>.<\/p>\n\n\n\n<p>Imparando a ricostruire attivamente la percezione eterica possiamo arrivare a creare nuovi strati astrali, immagini della nostra volont\u00e0, che esattamente come quelli passati possono influenzare il nostro modo di essere del futuro, da subito.&nbsp;<em>Trasformando la nostra esperienza del presente.<\/em><\/p>\n\n\n\n<div class=\"wp-block-buttons is-layout-flex wp-block-buttons-is-layout-flex\">\n<div class=\"wp-block-button\"><a class=\"wp-block-button__link wp-element-button\" href=\"https:\/\/arsmagna.org\/blackmirror\/come-usiamo-lo-specchio-nero\/\">SPECCHIO MAGICO<\/a><\/div>\n\n\n\n<div class=\"wp-block-button\"><a class=\"wp-block-button__link wp-element-button\" href=\"https:\/\/arsmagna.org\/blackmirror\/seminari\/\">PROGRAMMA<\/a><\/div>\n\n\n\n<div class=\"wp-block-button\"><a class=\"wp-block-button__link wp-element-button\" href=\"https:\/\/arsmagna.org\/blackmirror\/lillusione-della-luna-sullacqua\/\">PARTE I<\/a><\/div>\n\n\n\n<div class=\"wp-block-button\"><a class=\"wp-block-button__link wp-element-button\" href=\"https:\/\/arsmagna.org\/blackmirror\/la-porta-sui-mondi\/\">PARTE III<\/a><\/div>\n<\/div>\n\n\n\n<div style=\"height:2rem\" aria-hidden=\"true\" class=\"wp-block-spacer\"><\/div>\n","protected":false},"excerpt":{"rendered":"<p>Le radici del futuro Tecniche di Chiaroveggenza del S\u00e9 per la regressione e la proiezione &#8211; Specchio Magico II Il futuro \u00e8 gi\u00e0 scritto? Dipende da quanto ne comprendiamo le radici. Le radici del nostro futuro affondano non solo nella storia di questa nostra vita, ma anche ed ancor pi\u00f9 profondamente nella nostra stessa struttura [&hellip;]<\/p>\n","protected":false},"author":1,"featured_media":859,"parent":0,"menu_order":0,"comment_status":"closed","ping_status":"closed","template":"","meta":{"footnotes":""},"class_list":["post-854","page","type-page","status-publish","has-post-thumbnail","hentry"],"yoast_head":"<!-- This site is optimized with the Yoast SEO plugin v27.3 - https:\/\/yoast.com\/product\/yoast-seo-wordpress\/ -->\n<title>Le radici del futuro - Black Mirror Academy<\/title>\n<meta name=\"description\" content=\"Specchio Magico II : tecniche di chiaroveggenza del S\u00e9 per riconoscere il passato e plasmare il futuro trasformando il presente.\" \/>\n<meta name=\"robots\" content=\"index, follow, max-snippet:-1, max-image-preview:large, max-video-preview:-1\" \/>\n<link rel=\"canonical\" href=\"https:\/\/arsmagna.org\/blackmirror\/le-radici-del-futuro\/\" \/>\n<meta property=\"og:locale\" content=\"it_IT\" \/>\n<meta property=\"og:type\" content=\"article\" \/>\n<meta property=\"og:title\" content=\"Le radici del futuro - Black Mirror Academy\" \/>\n<meta property=\"og:description\" content=\"Specchio Magico II : tecniche di chiaroveggenza del S\u00e9 per riconoscere il passato e plasmare il futuro trasformando il presente.\" \/>\n<meta property=\"og:url\" content=\"https:\/\/arsmagna.org\/blackmirror\/le-radici-del-futuro\/\" \/>\n<meta property=\"og:site_name\" content=\"Black Mirror Academy\" \/>\n<meta property=\"article:modified_time\" content=\"2025-07-18T15:08:23+00:00\" \/>\n<meta property=\"og:image\" content=\"https:\/\/arsmagna.org\/blackmirror\/wp-content\/uploads\/sites\/2\/2025\/07\/past-etc-6001.jpg\" \/>\n\t<meta property=\"og:image:width\" content=\"600\" \/>\n\t<meta property=\"og:image:height\" content=\"269\" \/>\n\t<meta property=\"og:image:type\" content=\"image\/jpeg\" \/>\n<meta name=\"twitter:card\" content=\"summary_large_image\" \/>\n<meta name=\"twitter:label1\" content=\"Tempo di lettura stimato\" \/>\n\t<meta name=\"twitter:data1\" content=\"4 minuti\" \/>\n<script type=\"application\/ld+json\" class=\"yoast-schema-graph\">{\"@context\":\"https:\\\/\\\/schema.org\",\"@graph\":[{\"@type\":\"WebPage\",\"@id\":\"https:\\\/\\\/arsmagna.org\\\/blackmirror\\\/le-radici-del-futuro\\\/\",\"url\":\"https:\\\/\\\/arsmagna.org\\\/blackmirror\\\/le-radici-del-futuro\\\/\",\"name\":\"Le radici del futuro - Black Mirror Academy\",\"isPartOf\":{\"@id\":\"https:\\\/\\\/arsmagna.org\\\/blackmirror\\\/#website\"},\"primaryImageOfPage\":{\"@id\":\"https:\\\/\\\/arsmagna.org\\\/blackmirror\\\/le-radici-del-futuro\\\/#primaryimage\"},\"image\":{\"@id\":\"https:\\\/\\\/arsmagna.org\\\/blackmirror\\\/le-radici-del-futuro\\\/#primaryimage\"},\"thumbnailUrl\":\"https:\\\/\\\/arsmagna.org\\\/blackmirror\\\/wp-content\\\/uploads\\\/sites\\\/2\\\/2025\\\/07\\\/past-etc-6001.jpg\",\"datePublished\":\"2025-07-18T11:08:57+00:00\",\"dateModified\":\"2025-07-18T15:08:23+00:00\",\"description\":\"Specchio Magico II : tecniche di chiaroveggenza del S\u00e9 per riconoscere il passato e plasmare il futuro trasformando il presente.\",\"breadcrumb\":{\"@id\":\"https:\\\/\\\/arsmagna.org\\\/blackmirror\\\/le-radici-del-futuro\\\/#breadcrumb\"},\"inLanguage\":\"it-IT\",\"potentialAction\":[{\"@type\":\"ReadAction\",\"target\":[\"https:\\\/\\\/arsmagna.org\\\/blackmirror\\\/le-radici-del-futuro\\\/\"]}]},{\"@type\":\"ImageObject\",\"inLanguage\":\"it-IT\",\"@id\":\"https:\\\/\\\/arsmagna.org\\\/blackmirror\\\/le-radici-del-futuro\\\/#primaryimage\",\"url\":\"https:\\\/\\\/arsmagna.org\\\/blackmirror\\\/wp-content\\\/uploads\\\/sites\\\/2\\\/2025\\\/07\\\/past-etc-6001.jpg\",\"contentUrl\":\"https:\\\/\\\/arsmagna.org\\\/blackmirror\\\/wp-content\\\/uploads\\\/sites\\\/2\\\/2025\\\/07\\\/past-etc-6001.jpg\",\"width\":600,\"height\":269},{\"@type\":\"BreadcrumbList\",\"@id\":\"https:\\\/\\\/arsmagna.org\\\/blackmirror\\\/le-radici-del-futuro\\\/#breadcrumb\",\"itemListElement\":[{\"@type\":\"ListItem\",\"position\":1,\"name\":\"Home\",\"item\":\"https:\\\/\\\/arsmagna.org\\\/blackmirror\\\/\"},{\"@type\":\"ListItem\",\"position\":2,\"name\":\"Le radici del futuro\"}]},{\"@type\":\"WebSite\",\"@id\":\"https:\\\/\\\/arsmagna.org\\\/blackmirror\\\/#website\",\"url\":\"https:\\\/\\\/arsmagna.org\\\/blackmirror\\\/\",\"name\":\"Black Mirror Academy\",\"description\":\"\",\"potentialAction\":[{\"@type\":\"SearchAction\",\"target\":{\"@type\":\"EntryPoint\",\"urlTemplate\":\"https:\\\/\\\/arsmagna.org\\\/blackmirror\\\/?s={search_term_string}\"},\"query-input\":{\"@type\":\"PropertyValueSpecification\",\"valueRequired\":true,\"valueName\":\"search_term_string\"}}],\"inLanguage\":\"it-IT\"}]}<\/script>\n<!-- \/ Yoast SEO plugin. -->","yoast_head_json":{"title":"Le radici del futuro - Black Mirror Academy","description":"Specchio Magico II : tecniche di chiaroveggenza del S\u00e9 per riconoscere il passato e plasmare il futuro trasformando il presente.","robots":{"index":"index","follow":"follow","max-snippet":"max-snippet:-1","max-image-preview":"max-image-preview:large","max-video-preview":"max-video-preview:-1"},"canonical":"https:\/\/arsmagna.org\/blackmirror\/le-radici-del-futuro\/","og_locale":"it_IT","og_type":"article","og_title":"Le radici del futuro - Black Mirror Academy","og_description":"Specchio Magico II : tecniche di chiaroveggenza del S\u00e9 per riconoscere il passato e plasmare il futuro trasformando il presente.","og_url":"https:\/\/arsmagna.org\/blackmirror\/le-radici-del-futuro\/","og_site_name":"Black Mirror Academy","article_modified_time":"2025-07-18T15:08:23+00:00","og_image":[{"width":600,"height":269,"url":"https:\/\/arsmagna.org\/blackmirror\/wp-content\/uploads\/sites\/2\/2025\/07\/past-etc-6001.jpg","type":"image\/jpeg"}],"twitter_card":"summary_large_image","twitter_misc":{"Tempo di lettura stimato":"4 minuti"},"schema":{"@context":"https:\/\/schema.org","@graph":[{"@type":"WebPage","@id":"https:\/\/arsmagna.org\/blackmirror\/le-radici-del-futuro\/","url":"https:\/\/arsmagna.org\/blackmirror\/le-radici-del-futuro\/","name":"Le radici del futuro - Black Mirror Academy","isPartOf":{"@id":"https:\/\/arsmagna.org\/blackmirror\/#website"},"primaryImageOfPage":{"@id":"https:\/\/arsmagna.org\/blackmirror\/le-radici-del-futuro\/#primaryimage"},"image":{"@id":"https:\/\/arsmagna.org\/blackmirror\/le-radici-del-futuro\/#primaryimage"},"thumbnailUrl":"https:\/\/arsmagna.org\/blackmirror\/wp-content\/uploads\/sites\/2\/2025\/07\/past-etc-6001.jpg","datePublished":"2025-07-18T11:08:57+00:00","dateModified":"2025-07-18T15:08:23+00:00","description":"Specchio Magico II : tecniche di chiaroveggenza del S\u00e9 per riconoscere il passato e plasmare il futuro trasformando il presente.","breadcrumb":{"@id":"https:\/\/arsmagna.org\/blackmirror\/le-radici-del-futuro\/#breadcrumb"},"inLanguage":"it-IT","potentialAction":[{"@type":"ReadAction","target":["https:\/\/arsmagna.org\/blackmirror\/le-radici-del-futuro\/"]}]},{"@type":"ImageObject","inLanguage":"it-IT","@id":"https:\/\/arsmagna.org\/blackmirror\/le-radici-del-futuro\/#primaryimage","url":"https:\/\/arsmagna.org\/blackmirror\/wp-content\/uploads\/sites\/2\/2025\/07\/past-etc-6001.jpg","contentUrl":"https:\/\/arsmagna.org\/blackmirror\/wp-content\/uploads\/sites\/2\/2025\/07\/past-etc-6001.jpg","width":600,"height":269},{"@type":"BreadcrumbList","@id":"https:\/\/arsmagna.org\/blackmirror\/le-radici-del-futuro\/#breadcrumb","itemListElement":[{"@type":"ListItem","position":1,"name":"Home","item":"https:\/\/arsmagna.org\/blackmirror\/"},{"@type":"ListItem","position":2,"name":"Le radici del futuro"}]},{"@type":"WebSite","@id":"https:\/\/arsmagna.org\/blackmirror\/#website","url":"https:\/\/arsmagna.org\/blackmirror\/","name":"Black Mirror Academy","description":"","potentialAction":[{"@type":"SearchAction","target":{"@type":"EntryPoint","urlTemplate":"https:\/\/arsmagna.org\/blackmirror\/?s={search_term_string}"},"query-input":{"@type":"PropertyValueSpecification","valueRequired":true,"valueName":"search_term_string"}}],"inLanguage":"it-IT"}]}},"_links":{"self":[{"href":"https:\/\/arsmagna.org\/blackmirror\/wp-json\/wp\/v2\/pages\/854","targetHints":{"allow":["GET"]}}],"collection":[{"href":"https:\/\/arsmagna.org\/blackmirror\/wp-json\/wp\/v2\/pages"}],"about":[{"href":"https:\/\/arsmagna.org\/blackmirror\/wp-json\/wp\/v2\/types\/page"}],"author":[{"embeddable":true,"href":"https:\/\/arsmagna.org\/blackmirror\/wp-json\/wp\/v2\/users\/1"}],"replies":[{"embeddable":true,"href":"https:\/\/arsmagna.org\/blackmirror\/wp-json\/wp\/v2\/comments?post=854"}],"version-history":[{"count":24,"href":"https:\/\/arsmagna.org\/blackmirror\/wp-json\/wp\/v2\/pages\/854\/revisions"}],"predecessor-version":[{"id":918,"href":"https:\/\/arsmagna.org\/blackmirror\/wp-json\/wp\/v2\/pages\/854\/revisions\/918"}],"wp:featuredmedia":[{"embeddable":true,"href":"https:\/\/arsmagna.org\/blackmirror\/wp-json\/wp\/v2\/media\/859"}],"wp:attachment":[{"href":"https:\/\/arsmagna.org\/blackmirror\/wp-json\/wp\/v2\/media?parent=854"}],"curies":[{"name":"wp","href":"https:\/\/api.w.org\/{rel}","templated":true}]}}