{"id":641,"date":"2024-02-07T13:25:33","date_gmt":"2024-02-07T12:25:33","guid":{"rendered":"https:\/\/blackmirror.academy\/?page_id=641"},"modified":"2025-08-03T12:29:08","modified_gmt":"2025-08-03T10:29:08","slug":"consulti","status":"publish","type":"page","link":"https:\/\/arsmagna.org\/blackmirror\/consulti\/","title":{"rendered":"Consulti"},"content":{"rendered":"\n<div class=\"wp-block-columns is-layout-flex wp-container-core-columns-is-layout-2eb748b2 wp-block-columns-is-layout-flex\" style=\"margin-top:0px;margin-bottom:0px\">\n<div class=\"wp-block-column is-vertically-aligned-center is-layout-flow wp-container-core-column-is-layout-96dfdac3 wp-block-column-is-layout-flow\" style=\"padding-top:0px;padding-bottom:0px\">\n<h1 class=\"wp-block-heading has-text-align-center has-special-elite-font-family\" style=\"margin-bottom:0px\">Consulti<\/h1>\n<\/div>\n<\/div>\n\n\n\n<div class=\"wp-block-columns alignwide is-layout-flex wp-container-core-columns-is-layout-6316314d wp-block-columns-is-layout-flex\" style=\"margin-top:0px;margin-bottom:0px;padding-top:0;padding-bottom:0\">\n<div class=\"wp-block-column is-layout-flow wp-block-column-is-layout-flow\">\n<figure class=\"wp-block-image aligncenter\"><img decoding=\"async\" width=\"2000\" height=\"1509\" src=\"https:\/\/arsmagna.org\/blackmirror\/wp-content\/uploads\/sites\/2\/2024\/02\/agata-pendolo-2000.webp\" alt=\"\" class=\"wp-image-642\" srcset=\"https:\/\/arsmagna.org\/blackmirror\/wp-content\/uploads\/sites\/2\/2024\/02\/agata-pendolo-2000.webp 2000w, https:\/\/arsmagna.org\/blackmirror\/wp-content\/uploads\/sites\/2\/2024\/02\/agata-pendolo-2000-300x226.webp 300w, https:\/\/arsmagna.org\/blackmirror\/wp-content\/uploads\/sites\/2\/2024\/02\/agata-pendolo-2000-1024x773.webp 1024w, https:\/\/arsmagna.org\/blackmirror\/wp-content\/uploads\/sites\/2\/2024\/02\/agata-pendolo-2000-768x579.webp 768w, https:\/\/arsmagna.org\/blackmirror\/wp-content\/uploads\/sites\/2\/2024\/02\/agata-pendolo-2000-1536x1159.webp 1536w\" sizes=\"(max-width: 2000px) 100vw, 2000px\" \/><\/figure>\n<\/div>\n<\/div>\n\n\n\n<div class=\"wp-block-columns is-layout-flex wp-container-core-columns-is-layout-28f84493 wp-block-columns-is-layout-flex\">\n<div class=\"wp-block-column is-layout-flow wp-block-column-is-layout-flow\">\n<figure class=\"wp-block-image size-large\"><img decoding=\"async\" width=\"811\" height=\"1024\" src=\"https:\/\/arsmagna.org\/blackmirror\/wp-content\/uploads\/sites\/2\/2024\/02\/agata-pendolo-oscura-900-811x1024.webp\" alt=\"\" class=\"wp-image-646\" srcset=\"https:\/\/arsmagna.org\/blackmirror\/wp-content\/uploads\/sites\/2\/2024\/02\/agata-pendolo-oscura-900-811x1024.webp 811w, https:\/\/arsmagna.org\/blackmirror\/wp-content\/uploads\/sites\/2\/2024\/02\/agata-pendolo-oscura-900-238x300.webp 238w, https:\/\/arsmagna.org\/blackmirror\/wp-content\/uploads\/sites\/2\/2024\/02\/agata-pendolo-oscura-900-768x969.webp 768w, https:\/\/arsmagna.org\/blackmirror\/wp-content\/uploads\/sites\/2\/2024\/02\/agata-pendolo-oscura-900.webp 900w\" sizes=\"(max-width: 811px) 100vw, 811px\" \/><\/figure>\n<\/div>\n\n\n\n<div class=\"wp-block-column is-vertically-aligned-center is-layout-flow wp-block-column-is-layout-flow\">\n<h2 class=\"wp-block-heading has-text-color has-link-color wp-elements-5679516f57c67611c40433a71d8491f9\" style=\"color:#fffff0;font-size:clamp(2.2rem, 2.2rem + ((1vw - 0.2rem) * 1.286), 4rem);\">Cosa offriamo<\/h2>\n\n\n\n<p class=\"has-text-color has-link-color wp-elements-81bc65ed43740ec6890fce2fe9f26a3c\" style=\"color:#fffff0\">Possiamo fornire consulenze esoteriche elaborate dal Collettivo attraverso le realizzazioni acquisite con i <a href=\"https:\/\/arsmagna.org\/blackmirror\/seminari\/\">metodi<\/a> sviluppati da Lo Specchio e la Sfera.<\/p>\n\n\n\n<p>Queste realizzazioni comprendono la riscoperta e lo sviluppo di pi\u00f9 astrali, quindi ciascun componente del Collettivo \u00e8 un&#8217;anima plurale, composta da parti diverse per esperienza e sensibilit\u00e0, addestrata alla Visione Interiore.<\/p>\n<\/div>\n<\/div>\n\n\n\n<div class=\"wp-block-columns is-layout-flex wp-container-core-columns-is-layout-28f84493 wp-block-columns-is-layout-flex\">\n<div class=\"wp-block-column is-vertically-aligned-center is-layout-flow wp-block-column-is-layout-flow\">\n<h2 class=\"wp-block-heading has-text-color has-link-color wp-elements-7d53e75fe6af8da606bcce6d5abae937\" style=\"color:#fffff0;font-size:clamp(2.2rem, 2.2rem + ((1vw - 0.2rem) * 1.286), 4rem);\">Come funziona<\/h2>\n\n\n\n<p class=\"has-text-color has-link-color wp-elements-96991c16b986057a5af086de13ecdad3\" style=\"color:#fffff0\">A rispondere ai vostri quesiti \u00e8 il Collettivo Black Mirror Academy. <\/p>\n\n\n\n<p class=\"has-text-color has-link-color wp-elements-fd11a2348cff466d59437f8fc85f7b6c\" style=\"color:#fffff0\">Due o pi\u00f9 componenti del Collettivo affrontano il quesito, confrontano i loro risultati ed infine formulano il responso.<\/p>\n\n\n\n<p class=\"has-text-color has-link-color wp-elements-dc6d5373b669ef9aa4e673e1904c5e1b\" style=\"color:#fffff0\">Il responso vi viene fornito sotto forma di file PDF con allegata una foto in formato JPEG dei supporti che sono stati usati.<\/p>\n<\/div>\n\n\n\n<div class=\"wp-block-column is-layout-flow wp-block-column-is-layout-flow\">\n<figure class=\"wp-block-image size-large\"><img decoding=\"async\" width=\"838\" height=\"1024\" src=\"https:\/\/arsmagna.org\/blackmirror\/wp-content\/uploads\/sites\/2\/2024\/02\/chiara-pendolo-p-900-838x1024.webp\" alt=\"\" class=\"wp-image-652\" style=\"aspect-ratio:3\/4;object-fit:contain\" srcset=\"https:\/\/arsmagna.org\/blackmirror\/wp-content\/uploads\/sites\/2\/2024\/02\/chiara-pendolo-p-900-838x1024.webp 838w, https:\/\/arsmagna.org\/blackmirror\/wp-content\/uploads\/sites\/2\/2024\/02\/chiara-pendolo-p-900-245x300.webp 245w, https:\/\/arsmagna.org\/blackmirror\/wp-content\/uploads\/sites\/2\/2024\/02\/chiara-pendolo-p-900-768x939.webp 768w, https:\/\/arsmagna.org\/blackmirror\/wp-content\/uploads\/sites\/2\/2024\/02\/chiara-pendolo-p-900.webp 900w\" sizes=\"(max-width: 838px) 100vw, 838px\" \/><\/figure>\n<\/div>\n<\/div>\n\n\n\n<div class=\"wp-block-columns is-layout-flex wp-container-core-columns-is-layout-28f84493 wp-block-columns-is-layout-flex\">\n<div class=\"wp-block-column has-30-background-color has-background is-layout-flow wp-container-core-column-is-layout-e462c2b4 wp-block-column-is-layout-flow\" style=\"padding-right:1.5rem;padding-left:1.5rem;flex-basis:100%\">\n<h3 class=\"wp-block-heading has-text-align-center has-30-background-color has-text-color has-background has-link-color wp-elements-285a5187a93f75819624a8b8559b43fd\" style=\"color:#fffff0;padding-top:1.5rem;padding-bottom:0rem;font-size:clamp(2.2rem, 2.2rem + ((1vw - 0.2rem) * 1.286), 4rem);text-transform:none\">Cosa <em>non<\/em> offriamo<\/h3>\n\n\n\n<p class=\"has-text-color has-link-color wp-elements-7d6fffbb4d326e0aa836071848659ec7\" style=\"color:#fffff0;padding-top:0rem;padding-bottom:1.5rem\">I responsi non possono essere intesi come sostitutivi di una consulenza professionale, che sia medica, legale o finanziaria &#8211; vedi i nostri <a href=\"https:\/\/arsmagna.org\/blackmirror\/termini-e-condizioni\/\">Termini &amp; Condizioni<\/a>.<\/p>\n<\/div>\n<\/div>\n\n\n\n<div class=\"wp-block-columns is-layout-flex wp-container-core-columns-is-layout-28f84493 wp-block-columns-is-layout-flex\">\n<div class=\"wp-block-column is-layout-flow wp-block-column-is-layout-flow\">\n<figure class=\"wp-block-image size-large\"><img decoding=\"async\" width=\"768\" height=\"1024\" src=\"https:\/\/arsmagna.org\/blackmirror\/wp-content\/uploads\/sites\/2\/2024\/01\/strumenti-darker-768x1024.webp\" alt=\"\" class=\"wp-image-132\" srcset=\"https:\/\/arsmagna.org\/blackmirror\/wp-content\/uploads\/sites\/2\/2024\/01\/strumenti-darker-768x1023.webp 768w, https:\/\/arsmagna.org\/blackmirror\/wp-content\/uploads\/sites\/2\/2024\/01\/strumenti-darker-225x300.webp 225w, https:\/\/arsmagna.org\/blackmirror\/wp-content\/uploads\/sites\/2\/2024\/01\/strumenti-darker.webp 800w\" sizes=\"(max-width: 768px) 100vw, 768px\" \/><\/figure>\n<\/div>\n\n\n\n<div class=\"wp-block-column is-vertically-aligned-center is-layout-flow wp-block-column-is-layout-flow\">\n<h2 class=\"wp-block-heading\" style=\"font-size:clamp(2.2rem, 2.2rem + ((1vw - 0.2rem) * 1.286), 4rem);\">Come richiedere un Consulto<\/h2>\n\n\n\n<p>Contattateci attraverso uno dei metodi <a href=\"#contact\">qui sotto<\/a> e valuteremo insieme il tipo di approccio che pi\u00f9 si adatta alle vostre esigenze.<\/p>\n\n\n\n<p>Come compenso si richiede una <strong>offerta libera<\/strong> che potrete versare via PayPal. <\/p>\n\n\n\n<p>Riceverete il vostro responso nei tempi e modi concordati.<\/p>\n<\/div>\n<\/div>\n\n\n\n<div class=\"wp-block-columns is-layout-flex wp-container-core-columns-is-layout-28f84493 wp-block-columns-is-layout-flex\">\n<div class=\"wp-block-column is-layout-flow wp-block-column-is-layout-flow\" style=\"flex-basis:100%\">\n<h3 class=\"wp-block-heading has-text-align-center has-30-background-color has-text-color has-background has-link-color wp-elements-7e4ea5f729a7f5f472f383b21d810493\" style=\"color:#fffff0;padding-top:2rem;padding-bottom:2rem;font-size:clamp(1.648rem, 1.648rem + ((1vw - 0.2rem) * 0.823), 2.8rem);text-transform:none\">Per qualsiasi informazione non esitate a contattarci<\/h3>\n<\/div>\n<\/div>\n","protected":false},"excerpt":{"rendered":"<p>Consulti Cosa offriamo Possiamo fornire consulenze esoteriche elaborate dal Collettivo attraverso le realizzazioni acquisite con i metodi sviluppati da Lo Specchio e la Sfera. Queste realizzazioni comprendono la riscoperta e lo sviluppo di pi\u00f9 astrali, quindi ciascun componente del Collettivo \u00e8 un&#8217;anima plurale, composta da parti diverse per esperienza e sensibilit\u00e0, addestrata alla Visione Interiore. [&hellip;]<\/p>\n","protected":false},"author":2,"featured_media":0,"parent":0,"menu_order":0,"comment_status":"closed","ping_status":"closed","template":"","meta":{"footnotes":""},"class_list":["post-641","page","type-page","status-publish","hentry"],"yoast_head":"<!-- This site is optimized with the Yoast SEO plugin v27.3 - https:\/\/yoast.com\/product\/yoast-seo-wordpress\/ -->\n<title>Consulti - Black Mirror Academy<\/title>\n<meta name=\"description\" content=\"Consulenze esoteriche elaborate con le abilit\u00e0 sviluppate attraverso il metodo della Black Mirror Academy\" \/>\n<meta name=\"robots\" content=\"index, follow, max-snippet:-1, max-image-preview:large, max-video-preview:-1\" \/>\n<link rel=\"canonical\" href=\"https:\/\/arsmagna.org\/blackmirror\/consulti\/\" \/>\n<meta property=\"og:locale\" content=\"it_IT\" \/>\n<meta property=\"og:type\" content=\"article\" \/>\n<meta property=\"og:title\" content=\"Consulti - Black Mirror Academy\" \/>\n<meta property=\"og:description\" content=\"Consulenze esoteriche elaborate con le abilit\u00e0 sviluppate attraverso il metodo della Black Mirror Academy\" \/>\n<meta property=\"og:url\" content=\"https:\/\/arsmagna.org\/blackmirror\/consulti\/\" \/>\n<meta property=\"og:site_name\" content=\"Black Mirror Academy\" \/>\n<meta property=\"article:modified_time\" content=\"2025-08-03T10:29:08+00:00\" \/>\n<meta property=\"og:image\" content=\"https:\/\/arsmagna.org\/blackmirror\/wp-content\/uploads\/sites\/2\/2024\/02\/agata-pendolo-2000.webp\" \/>\n\t<meta property=\"og:image:width\" content=\"2000\" \/>\n\t<meta property=\"og:image:height\" content=\"1509\" \/>\n\t<meta property=\"og:image:type\" content=\"image\/webp\" \/>\n<meta name=\"twitter:card\" content=\"summary_large_image\" \/>\n<meta name=\"twitter:label1\" content=\"Tempo di lettura stimato\" \/>\n\t<meta name=\"twitter:data1\" content=\"4 minuti\" \/>\n<script type=\"application\/ld+json\" class=\"yoast-schema-graph\">{\"@context\":\"https:\\\/\\\/schema.org\",\"@graph\":[{\"@type\":\"WebPage\",\"@id\":\"https:\\\/\\\/arsmagna.org\\\/blackmirror\\\/consulti\\\/\",\"url\":\"https:\\\/\\\/arsmagna.org\\\/blackmirror\\\/consulti\\\/\",\"name\":\"Consulti - Black Mirror Academy\",\"isPartOf\":{\"@id\":\"https:\\\/\\\/arsmagna.org\\\/blackmirror\\\/#website\"},\"primaryImageOfPage\":{\"@id\":\"https:\\\/\\\/arsmagna.org\\\/blackmirror\\\/consulti\\\/#primaryimage\"},\"image\":{\"@id\":\"https:\\\/\\\/arsmagna.org\\\/blackmirror\\\/consulti\\\/#primaryimage\"},\"thumbnailUrl\":\"https:\\\/\\\/arsmagna.org\\\/blackmirror\\\/wp-content\\\/uploads\\\/sites\\\/2\\\/2024\\\/02\\\/agata-pendolo-2000.webp\",\"datePublished\":\"2024-02-07T12:25:33+00:00\",\"dateModified\":\"2025-08-03T10:29:08+00:00\",\"description\":\"Consulenze esoteriche elaborate con le abilit\u00e0 sviluppate attraverso il metodo della Black Mirror Academy\",\"breadcrumb\":{\"@id\":\"https:\\\/\\\/arsmagna.org\\\/blackmirror\\\/consulti\\\/#breadcrumb\"},\"inLanguage\":\"it-IT\",\"potentialAction\":[{\"@type\":\"ReadAction\",\"target\":[\"https:\\\/\\\/arsmagna.org\\\/blackmirror\\\/consulti\\\/\"]}]},{\"@type\":\"ImageObject\",\"inLanguage\":\"it-IT\",\"@id\":\"https:\\\/\\\/arsmagna.org\\\/blackmirror\\\/consulti\\\/#primaryimage\",\"url\":\"https:\\\/\\\/arsmagna.org\\\/blackmirror\\\/wp-content\\\/uploads\\\/sites\\\/2\\\/2024\\\/02\\\/agata-pendolo-2000.webp\",\"contentUrl\":\"https:\\\/\\\/arsmagna.org\\\/blackmirror\\\/wp-content\\\/uploads\\\/sites\\\/2\\\/2024\\\/02\\\/agata-pendolo-2000.webp\",\"width\":2000,\"height\":1509},{\"@type\":\"BreadcrumbList\",\"@id\":\"https:\\\/\\\/arsmagna.org\\\/blackmirror\\\/consulti\\\/#breadcrumb\",\"itemListElement\":[{\"@type\":\"ListItem\",\"position\":1,\"name\":\"Home\",\"item\":\"https:\\\/\\\/arsmagna.org\\\/blackmirror\\\/\"},{\"@type\":\"ListItem\",\"position\":2,\"name\":\"Consulti\"}]},{\"@type\":\"WebSite\",\"@id\":\"https:\\\/\\\/arsmagna.org\\\/blackmirror\\\/#website\",\"url\":\"https:\\\/\\\/arsmagna.org\\\/blackmirror\\\/\",\"name\":\"Black Mirror Academy\",\"description\":\"\",\"potentialAction\":[{\"@type\":\"SearchAction\",\"target\":{\"@type\":\"EntryPoint\",\"urlTemplate\":\"https:\\\/\\\/arsmagna.org\\\/blackmirror\\\/?s={search_term_string}\"},\"query-input\":{\"@type\":\"PropertyValueSpecification\",\"valueRequired\":true,\"valueName\":\"search_term_string\"}}],\"inLanguage\":\"it-IT\"}]}<\/script>\n<!-- \/ Yoast SEO plugin. -->","yoast_head_json":{"title":"Consulti - Black Mirror Academy","description":"Consulenze esoteriche elaborate con le abilit\u00e0 sviluppate attraverso il metodo della Black Mirror Academy","robots":{"index":"index","follow":"follow","max-snippet":"max-snippet:-1","max-image-preview":"max-image-preview:large","max-video-preview":"max-video-preview:-1"},"canonical":"https:\/\/arsmagna.org\/blackmirror\/consulti\/","og_locale":"it_IT","og_type":"article","og_title":"Consulti - Black Mirror Academy","og_description":"Consulenze esoteriche elaborate con le abilit\u00e0 sviluppate attraverso il metodo della Black Mirror Academy","og_url":"https:\/\/arsmagna.org\/blackmirror\/consulti\/","og_site_name":"Black Mirror Academy","article_modified_time":"2025-08-03T10:29:08+00:00","og_image":[{"width":2000,"height":1509,"url":"https:\/\/arsmagna.org\/blackmirror\/wp-content\/uploads\/sites\/2\/2024\/02\/agata-pendolo-2000.webp","type":"image\/webp"}],"twitter_card":"summary_large_image","twitter_misc":{"Tempo di lettura stimato":"4 minuti"},"schema":{"@context":"https:\/\/schema.org","@graph":[{"@type":"WebPage","@id":"https:\/\/arsmagna.org\/blackmirror\/consulti\/","url":"https:\/\/arsmagna.org\/blackmirror\/consulti\/","name":"Consulti - Black Mirror Academy","isPartOf":{"@id":"https:\/\/arsmagna.org\/blackmirror\/#website"},"primaryImageOfPage":{"@id":"https:\/\/arsmagna.org\/blackmirror\/consulti\/#primaryimage"},"image":{"@id":"https:\/\/arsmagna.org\/blackmirror\/consulti\/#primaryimage"},"thumbnailUrl":"https:\/\/arsmagna.org\/blackmirror\/wp-content\/uploads\/sites\/2\/2024\/02\/agata-pendolo-2000.webp","datePublished":"2024-02-07T12:25:33+00:00","dateModified":"2025-08-03T10:29:08+00:00","description":"Consulenze esoteriche elaborate con le abilit\u00e0 sviluppate attraverso il metodo della Black Mirror Academy","breadcrumb":{"@id":"https:\/\/arsmagna.org\/blackmirror\/consulti\/#breadcrumb"},"inLanguage":"it-IT","potentialAction":[{"@type":"ReadAction","target":["https:\/\/arsmagna.org\/blackmirror\/consulti\/"]}]},{"@type":"ImageObject","inLanguage":"it-IT","@id":"https:\/\/arsmagna.org\/blackmirror\/consulti\/#primaryimage","url":"https:\/\/arsmagna.org\/blackmirror\/wp-content\/uploads\/sites\/2\/2024\/02\/agata-pendolo-2000.webp","contentUrl":"https:\/\/arsmagna.org\/blackmirror\/wp-content\/uploads\/sites\/2\/2024\/02\/agata-pendolo-2000.webp","width":2000,"height":1509},{"@type":"BreadcrumbList","@id":"https:\/\/arsmagna.org\/blackmirror\/consulti\/#breadcrumb","itemListElement":[{"@type":"ListItem","position":1,"name":"Home","item":"https:\/\/arsmagna.org\/blackmirror\/"},{"@type":"ListItem","position":2,"name":"Consulti"}]},{"@type":"WebSite","@id":"https:\/\/arsmagna.org\/blackmirror\/#website","url":"https:\/\/arsmagna.org\/blackmirror\/","name":"Black Mirror Academy","description":"","potentialAction":[{"@type":"SearchAction","target":{"@type":"EntryPoint","urlTemplate":"https:\/\/arsmagna.org\/blackmirror\/?s={search_term_string}"},"query-input":{"@type":"PropertyValueSpecification","valueRequired":true,"valueName":"search_term_string"}}],"inLanguage":"it-IT"}]}},"_links":{"self":[{"href":"https:\/\/arsmagna.org\/blackmirror\/wp-json\/wp\/v2\/pages\/641","targetHints":{"allow":["GET"]}}],"collection":[{"href":"https:\/\/arsmagna.org\/blackmirror\/wp-json\/wp\/v2\/pages"}],"about":[{"href":"https:\/\/arsmagna.org\/blackmirror\/wp-json\/wp\/v2\/types\/page"}],"author":[{"embeddable":true,"href":"https:\/\/arsmagna.org\/blackmirror\/wp-json\/wp\/v2\/users\/2"}],"replies":[{"embeddable":true,"href":"https:\/\/arsmagna.org\/blackmirror\/wp-json\/wp\/v2\/comments?post=641"}],"version-history":[{"count":7,"href":"https:\/\/arsmagna.org\/blackmirror\/wp-json\/wp\/v2\/pages\/641\/revisions"}],"predecessor-version":[{"id":947,"href":"https:\/\/arsmagna.org\/blackmirror\/wp-json\/wp\/v2\/pages\/641\/revisions\/947"}],"wp:attachment":[{"href":"https:\/\/arsmagna.org\/blackmirror\/wp-json\/wp\/v2\/media?parent=641"}],"curies":[{"name":"wp","href":"https:\/\/api.w.org\/{rel}","templated":true}]}}